{"id":1926,"date":"2023-12-28T09:52:09","date_gmt":"2023-12-28T09:52:09","guid":{"rendered":"https:\/\/pylaimmobilier.fr\/?page_id=1926"},"modified":"2024-09-27T08:50:17","modified_gmt":"2024-09-27T06:50:17","slug":"mentions-legales","status":"publish","type":"page","link":"https:\/\/pylaimmobilier.fr\/fr\/mentions-legales\/","title":{"rendered":"Mentions L\u00e9gales"},"content":{"rendered":"\n<p>Cet avis vise \u00e0 pr\u00e9ciser notre activit\u00e9 conform\u00e9ment aux dispositions des articles 6-III et 19 de la Loi n\u00b02004-575 du 21 juin 2004 pour la confiance dans l&rsquo;\u00e9conomie num\u00e9rique, dite LCEN. L&rsquo;utilisateur est inform\u00e9 de nos conditions et la consultation de celles-ci vaut acceptation. Il est \u00e0 noter que dans ce texte, et ci-apr\u00e8s, Maxwell-Baynes et le site Pyla Immobilier seront parfois d\u00e9sign\u00e9s par les termes \u201cnous\u201d, \u201cnotre\u201d, \u201cnos\u201d, \u201cbailleur\u201d. De la m\u00eame mani\u00e8re, tout internaute, qu&rsquo;il soit nouveau ou client confirm\u00e9, se connectant sur notre site sera d\u00e9sign\u00e9 par les termes \u201cvous\u201d, \u201cvotre\u201d, \u201cvos\u201d, \u201cutilisateur\u201d, \u201cclient\u201d, \u201cpreneur\u201d.<\/p>\n\n\n\n<h2 class=\"wp-block-heading\">Editeur<\/h2>\n\n\n\n<p>Le site https:\/\/pylaimmobilier.fr est la propri\u00e9t\u00e9 exclusive de Landale Bordeaux-Bassin (Maxwell-Baynes | Christie\u2019s International Real Estate \/ Pyla Immobilier) qui l\u2019\u00e9dite.<\/p>\n\n\n\n<ul class=\"wp-block-list\">\n<li>Nom de la soci\u00e9t\u00e9 : Landale Bordeaux-Bassin(Maxwell-Baynes | Christie\u2019s International Real Estate \/ Pyla Immobilier)<\/li>\n\n\n\n<li>T\u00e9l : 05 56 22 16 84<\/li>\n\n\n\n<li>Adresse : 149 Boulevard de l\u2019oc\u00e9an, 33115 Pyla sur mer<\/li>\n\n\n\n<li>Forme juridique de la soci\u00e9t\u00e9 : SARL au capital de 30 000 \u20ac<\/li>\n\n\n\n<li>Num\u00e9ro de Siret : 910 755 651 Au RCS de Bordeaux<\/li>\n<\/ul>\n\n\n\n<p><br>Carte professionnelle T et G: CPI 3301 2022 000 000 065 d\u00e9livr\u00e9e par la CCI de Bordeaux GIRONDE &#8211; Carte portant sur la Transaction sur les immeubles et fonds de commerces et la gestion immobili\u00e8re. Carte portant la mention \u00ab non-d\u00e9tention de fonds \u00bb et \u00ab non-garantie financi\u00e8re \u00bb pour son activit\u00e9 de transaction immobili\u00e8re.<br><br>Adresse du si\u00e8ge social : Gabiran, 23 rue des Moulins, 33350 M\u00e9rignas<\/p>\n\n\n\n<p>Assurance Responsabilit\u00e9 Civile Professionnelle N\u00b010817168004 : AXA Assurances IARD Mutuelle 10 000 000 \u20ac. <\/p>\n\n\n\n<p>Garantie financi\u00e8re N\u00b010963985604 : AXA Assurances IARD Mutuelle 110 000 \u20ac.<\/p>\n\n\n\n<p>No. TVA intra-communautaire d\u2019identification fiscale : FR 79509651667<\/p>\n\n\n\n<p>Carte Pro <strong>Landale Bordeaux-Bassin<\/strong> CPI 3301 2022 000 000 065 qui expire le 07\/04\/2025. SIREN 910 755 651 capital social 30 000\u20ac. Si\u00e8ge M\u00e9rignas. AXA RCP Contrat num\u00e9ro 11078451404.<\/p>\n\n\n\n<p>Carte Pro <strong>SAS Landale Location<\/strong> CPI 3301 2023 000&nbsp;000&nbsp;150&nbsp;qui expire le 19\/09\/2026 Siren 948 890 272&nbsp; capital social 2000 euros. Siege M\u00e9rignas. RCP AXA Contrat num\u00e9ro 11092510904. Garantie Financi\u00e8re de 400 000\u20ac.<br><br>Nom du responsable : Mr Arthur MAXWELL<br>Editeur de la publication : LANDALE PYLA<br>Directeur de la publication : LANDALE PYLA<br>Responsable de la r\u00e9daction : LANDALE PYLA<br>Pour contacter le responsable de la publication : marketing@maxwellbaynes.com<br>Adresse de la soci\u00e9t\u00e9 : Le Presbyt\u00e8re Gabiran 33350 M\u00e9rignas France<\/p>\n\n\n\n<h2 class=\"wp-block-heading\">H\u00e9bergeur<\/h2>\n\n\n\n<p>Le site est h\u00e9berg\u00e9 par :<br>Port 80 Services<br>Mazeroux<br>Milhac de Nontron 24470<br><a href=\"https:\/\/port80.services\/fr\/\" target=\"_blank\" rel=\"noopener\">Site Internet<\/a><\/p>\n\n\n\n<h2 class=\"wp-block-heading\">Services d\u00e9livr\u00e9s par notre site<\/h2>\n\n\n\n<p>Notre site Pyla Immobilier s\u2019attache \u00e0 fournir des informations pr\u00e9cises sur les biens mis \u00e0 disposition en location saisonni\u00e8re. N\u00e9anmoins, nous tenons \u00e0 pr\u00e9ciser que nous ne serons pas tenus responsables des omissions ou inexactitudes de ces \u00e9l\u00e9ments qu\u2019elles soient de notre fait ou du fait de tiers partenaires. En effet, ces informations exhaustives sont en constante \u00e9volution. Elles sont et seront r\u00e9guli\u00e8rement mises \u00e0 jour.<\/p>\n","protected":false},"excerpt":{"rendered":"<p>Cet avis vise \u00e0 pr\u00e9ciser notre activit\u00e9 conform\u00e9ment aux dispositions des articles 6-III et 19 de la Loi n\u00b02004-575 du 21 juin 2004 pour la confiance dans l&rsquo;\u00e9conomie num\u00e9rique, dite LCEN. L&rsquo;utilisateur est inform\u00e9 de nos conditions et la consultation de celles-ci vaut acceptation. Il est \u00e0 noter que dans ce texte, et ci-apr\u00e8s, Maxwell-Baynes [&hellip;]<\/p>\n","protected":false},"author":1,"featured_media":0,"parent":0,"menu_order":0,"comment_status":"closed","ping_status":"closed","template":"template-centered.php","meta":{"_acf_changed":false,"footnotes":""},"class_list":["post-1926","page","type-page","status-publish","hentry"],"acf":[],"yoast_head":"<!-- This site is optimized with the Yoast SEO plugin v27.5 - https:\/\/yoast.com\/product\/yoast-seo-wordpress\/ -->\n<title>Mentions L\u00e9gales - Pyla Immobilier<\/title>\n<meta name=\"description\" content=\"Les mentions l\u00e9gales de Pyla Immobilier. L&#039;agence immobili\u00e8re de prestige sur le bassin d&#039;Arcachon et le Pyla.\" \/>\n<meta name=\"robots\" content=\"index, follow, max-snippet:-1, max-image-preview:large, max-video-preview:-1\" \/>\n<link rel=\"canonical\" href=\"https:\/\/pylaimmobilier.fr\/fr\/mentions-legales\/\" \/>\n<meta property=\"og:locale\" content=\"fr_FR\" \/>\n<meta property=\"og:type\" content=\"article\" \/>\n<meta property=\"og:title\" content=\"Mentions L\u00e9gales - Pyla Immobilier\" \/>\n<meta property=\"og:description\" content=\"Les mentions l\u00e9gales de Pyla Immobilier. L&#039;agence immobili\u00e8re de prestige sur le bassin d&#039;Arcachon et le Pyla.\" \/>\n<meta property=\"og:url\" content=\"https:\/\/pylaimmobilier.fr\/fr\/mentions-legales\/\" \/>\n<meta property=\"og:site_name\" content=\"Pyla Immobilier\" \/>\n<meta property=\"article:modified_time\" content=\"2024-09-27T06:50:17+00:00\" \/>\n<meta name=\"twitter:card\" content=\"summary_large_image\" \/>\n<meta name=\"twitter:title\" content=\"Mentions L\u00e9gales - Pyla Immobilier\" \/>\n<meta name=\"twitter:description\" content=\"Les mentions l\u00e9gales de Pyla Immobilier. L&#039;agence immobili\u00e8re de prestige sur le bassin d&#039;Arcachon et le Pyla.\" \/>\n<meta name=\"twitter:label1\" content=\"Dur\u00e9e de lecture estim\u00e9e\" \/>\n\t<meta name=\"twitter:data1\" content=\"3 minutes\" \/>\n<script type=\"application\/ld+json\" class=\"yoast-schema-graph\">{\"@context\":\"https:\\\/\\\/schema.org\",\"@graph\":[{\"@type\":\"WebPage\",\"@id\":\"https:\\\/\\\/pylaimmobilier.fr\\\/fr\\\/mentions-legales\\\/\",\"url\":\"https:\\\/\\\/pylaimmobilier.fr\\\/fr\\\/mentions-legales\\\/\",\"name\":\"Mentions L\u00e9gales - Pyla Immobilier\",\"isPartOf\":{\"@id\":\"https:\\\/\\\/pylaimmobilier.fr\\\/fr\\\/#website\"},\"datePublished\":\"2023-12-28T09:52:09+00:00\",\"dateModified\":\"2024-09-27T06:50:17+00:00\",\"description\":\"Les mentions l\u00e9gales de Pyla Immobilier. L'agence immobili\u00e8re de prestige sur le bassin d'Arcachon et le Pyla.\",\"breadcrumb\":{\"@id\":\"https:\\\/\\\/pylaimmobilier.fr\\\/fr\\\/mentions-legales\\\/#breadcrumb\"},\"inLanguage\":\"fr-FR\",\"potentialAction\":[{\"@type\":\"ReadAction\",\"target\":[\"https:\\\/\\\/pylaimmobilier.fr\\\/fr\\\/mentions-legales\\\/\"]}]},{\"@type\":\"BreadcrumbList\",\"@id\":\"https:\\\/\\\/pylaimmobilier.fr\\\/fr\\\/mentions-legales\\\/#breadcrumb\",\"itemListElement\":[{\"@type\":\"ListItem\",\"position\":1,\"name\":\"Home\",\"item\":\"https:\\\/\\\/pylaimmobilier.fr\\\/fr\\\/\"},{\"@type\":\"ListItem\",\"position\":2,\"name\":\"Mentions L\u00e9gales\"}]},{\"@type\":\"WebSite\",\"@id\":\"https:\\\/\\\/pylaimmobilier.fr\\\/fr\\\/#website\",\"url\":\"https:\\\/\\\/pylaimmobilier.fr\\\/fr\\\/\",\"name\":\"Pyla Immobilier\",\"description\":\"Holiday rentals in the Basin d&#039;Arcachon\",\"potentialAction\":[{\"@type\":\"SearchAction\",\"target\":{\"@type\":\"EntryPoint\",\"urlTemplate\":\"https:\\\/\\\/pylaimmobilier.fr\\\/fr\\\/?s={search_term_string}\"},\"query-input\":{\"@type\":\"PropertyValueSpecification\",\"valueRequired\":true,\"valueName\":\"search_term_string\"}}],\"inLanguage\":\"fr-FR\"}]}<\/script>\n<!-- \/ Yoast SEO plugin. -->","yoast_head_json":{"title":"Mentions L\u00e9gales - Pyla Immobilier","description":"Les mentions l\u00e9gales de Pyla Immobilier. L'agence immobili\u00e8re de prestige sur le bassin d'Arcachon et le Pyla.","robots":{"index":"index","follow":"follow","max-snippet":"max-snippet:-1","max-image-preview":"max-image-preview:large","max-video-preview":"max-video-preview:-1"},"canonical":"https:\/\/pylaimmobilier.fr\/fr\/mentions-legales\/","og_locale":"fr_FR","og_type":"article","og_title":"Mentions L\u00e9gales - Pyla Immobilier","og_description":"Les mentions l\u00e9gales de Pyla Immobilier. L'agence immobili\u00e8re de prestige sur le bassin d'Arcachon et le Pyla.","og_url":"https:\/\/pylaimmobilier.fr\/fr\/mentions-legales\/","og_site_name":"Pyla Immobilier","article_modified_time":"2024-09-27T06:50:17+00:00","twitter_card":"summary_large_image","twitter_title":"Mentions L\u00e9gales - Pyla Immobilier","twitter_description":"Les mentions l\u00e9gales de Pyla Immobilier. L'agence immobili\u00e8re de prestige sur le bassin d'Arcachon et le Pyla.","twitter_misc":{"Dur\u00e9e de lecture estim\u00e9e":"3 minutes"},"schema":{"@context":"https:\/\/schema.org","@graph":[{"@type":"WebPage","@id":"https:\/\/pylaimmobilier.fr\/fr\/mentions-legales\/","url":"https:\/\/pylaimmobilier.fr\/fr\/mentions-legales\/","name":"Mentions L\u00e9gales - Pyla Immobilier","isPartOf":{"@id":"https:\/\/pylaimmobilier.fr\/fr\/#website"},"datePublished":"2023-12-28T09:52:09+00:00","dateModified":"2024-09-27T06:50:17+00:00","description":"Les mentions l\u00e9gales de Pyla Immobilier. L'agence immobili\u00e8re de prestige sur le bassin d'Arcachon et le Pyla.","breadcrumb":{"@id":"https:\/\/pylaimmobilier.fr\/fr\/mentions-legales\/#breadcrumb"},"inLanguage":"fr-FR","potentialAction":[{"@type":"ReadAction","target":["https:\/\/pylaimmobilier.fr\/fr\/mentions-legales\/"]}]},{"@type":"BreadcrumbList","@id":"https:\/\/pylaimmobilier.fr\/fr\/mentions-legales\/#breadcrumb","itemListElement":[{"@type":"ListItem","position":1,"name":"Home","item":"https:\/\/pylaimmobilier.fr\/fr\/"},{"@type":"ListItem","position":2,"name":"Mentions L\u00e9gales"}]},{"@type":"WebSite","@id":"https:\/\/pylaimmobilier.fr\/fr\/#website","url":"https:\/\/pylaimmobilier.fr\/fr\/","name":"Pyla Immobilier","description":"Holiday rentals in the Basin d&#039;Arcachon","potentialAction":[{"@type":"SearchAction","target":{"@type":"EntryPoint","urlTemplate":"https:\/\/pylaimmobilier.fr\/fr\/?s={search_term_string}"},"query-input":{"@type":"PropertyValueSpecification","valueRequired":true,"valueName":"search_term_string"}}],"inLanguage":"fr-FR"}]}},"_links":{"self":[{"href":"https:\/\/pylaimmobilier.fr\/fr\/wp-json\/wp\/v2\/pages\/1926","targetHints":{"allow":["GET"]}}],"collection":[{"href":"https:\/\/pylaimmobilier.fr\/fr\/wp-json\/wp\/v2\/pages"}],"about":[{"href":"https:\/\/pylaimmobilier.fr\/fr\/wp-json\/wp\/v2\/types\/page"}],"author":[{"embeddable":true,"href":"https:\/\/pylaimmobilier.fr\/fr\/wp-json\/wp\/v2\/users\/1"}],"replies":[{"embeddable":true,"href":"https:\/\/pylaimmobilier.fr\/fr\/wp-json\/wp\/v2\/comments?post=1926"}],"version-history":[{"count":16,"href":"https:\/\/pylaimmobilier.fr\/fr\/wp-json\/wp\/v2\/pages\/1926\/revisions"}],"predecessor-version":[{"id":3344,"href":"https:\/\/pylaimmobilier.fr\/fr\/wp-json\/wp\/v2\/pages\/1926\/revisions\/3344"}],"wp:attachment":[{"href":"https:\/\/pylaimmobilier.fr\/fr\/wp-json\/wp\/v2\/media?parent=1926"}],"curies":[{"name":"wp","href":"https:\/\/api.w.org\/{rel}","templated":true}]}}