{"id":1930,"date":"2023-12-28T10:06:31","date_gmt":"2023-12-28T10:06:31","guid":{"rendered":"https:\/\/pylaimmobilier.fr\/?page_id=1930"},"modified":"2023-12-29T09:44:09","modified_gmt":"2023-12-29T09:44:09","slug":"donnees-personnelles","status":"publish","type":"page","link":"https:\/\/pylaimmobilier.fr\/fr\/donnees-personnelles\/","title":{"rendered":"Politique de Confidentialit\u00e9"},"content":{"rendered":"\n<h1 class=\"wp-block-heading\">Politique de Confidentialit\u00e9 et de Protection des Donn\u00e9es<\/h1>\n\n\n\n<h2 class=\"wp-block-heading\">Les cookies<\/h2>\n\n\n\n<p>Les cookies recueillent des donn\u00e9es pr\u00e9cieuses pour l\u2019entreprise et l\u2019utilisateur. Ils servent \u00e0 cibler rapidement votre demande. Ces donn\u00e9es permettent de r\u00e9pondre aux besoins de nos utilisateurs. Il est possible de refuser partiellement ou totalement ces traqueurs d\u2019activit\u00e9 sur les onglets pr\u00e9vus \u00e0 cet effet lors de votre arriv\u00e9e sur notre site. Toutefois, il est \u00e0 noter que certaines pages du site peuvent de ce fait devenir inaccessibles.<\/p>\n\n\n\n<h2 class=\"wp-block-heading\"><br>Utilisation g\u00e9n\u00e9rale des donn\u00e9es<\/h2>\n\n\n\n<p>Pour ce qui concerne le marketing : notre base l\u00e9gale pour traiter vos donn\u00e9es personnelles et vous envoyer des communications marketing rel\u00e8ve de votre consentement et de nos int\u00e9r\u00eats l\u00e9gitimes (\u00e0 d\u00e9velopper notre activit\u00e9).<\/p>\n\n\n\n<p>En vertu du R\u00e8glement sur la vie priv\u00e9e et les communications \u00e9lectroniques, nous pouvons vous envoyer des communications marketing si vous avez effectu\u00e9 un achat ou demand\u00e9 des informations sur nos produits ou services, ou si vous avez accept\u00e9 de recevoir nos communications marketing et dans chaque cas que vous n\u2019avez pas depuis refus\u00e9 de recevoir ces communications. En vertu de ces r\u00e8glements, si vous \u00eates une soci\u00e9t\u00e9 \u00e0 responsabilit\u00e9 limit\u00e9e, nous pouvons vous envoyer des courriels de marketing sans consentement. Cependant, vous pouvez toujours refuser de recevoir ces courriels \u00e0 tout moment. Nous n\u2019envoyons pas vos donn\u00e9es \u00e0 des tiers \u00e0 des fins de marketing.<\/p>\n\n\n\n<p>Vous pouvez nous demander d\u2019arr\u00eater de vous envoyer des messages marketing \u00e0 tout moment en suivant les liens de d\u00e9sinscription sur les messages qui vous est envoy\u00e9 ou en nous envoyant un email \u00e0 info@maxwellbaynes.com.<\/p>\n\n\n\n<p>Si vous choisissez de ne plus recevoir de communications marketing, cette d\u00e9sactivation ne s\u2019applique pas aux donn\u00e9es personnelles fournies \u00e0 la suite d\u2019autres transactions, telles que les achats, les enregistrements de garantie, etc.<\/p>\n\n\n\n<p>Pour ce qui concerne la divulgation de vos donn\u00e9es : nous pouvons \u00eatre amen\u00e9s \u00e0 partager vos donn\u00e9es personnelles avec les parties mentionn\u00e9es ci-dessous : Fournisseurs de services informatiques et de syst\u00e8me d\u2019administration; Conseillers professionnels, y compris avocats, banquiers, auditeurs et assureurs; Organismes gouvernementaux qui nous obligent \u00e0 signaler les activit\u00e9s de traitement; Agences de pr\u00e9vention de la fraude; Tiers \u00e0 qui nous vendons, transf\u00e9rons ou fusionnons des parties de nos activit\u00e9s ou de nos actifs.<\/p>\n\n\n\n<p>Nous demandons express\u00e9ment \u00e0 tous tiers auxquels nous transf\u00e9rons vos donn\u00e9es de respecter la s\u00e9curit\u00e9 de vos donn\u00e9es personnelles et de les traiter conform\u00e9ment \u00e0 la loi. Nous autorisons ces tiers \u00e0 traiter vos donn\u00e9es personnelles uniquement \u00e0 des fins sp\u00e9cifiques et conform\u00e9ment \u00e0 nos instructions.<br><\/p>\n\n\n\n<p>Nous avons mis en place des mesures de s\u00e9curit\u00e9 pour emp\u00eacher que vos donn\u00e9es personnelles soient accidentellement perdues, utilis\u00e9es, modifi\u00e9es, divulgu\u00e9es ou consult\u00e9es sans autorisation. Nous autorisons \u00e9galement l\u2019acc\u00e8s \u00e0 vos donn\u00e9es personnelles uniquement aux employ\u00e9s et partenaires qui ont besoin de les conna\u00eetre. Ils ne traiteront ces donn\u00e9es que sur nos instructions et les garderont confidentielles.<\/p>\n\n\n\n<p>Nous disposons de proc\u00e9dures pour faire face \u00e0 toute violation pr\u00e9sum\u00e9e des donn\u00e9es personnelles et vous aviserons, ainsi que tout organisme de r\u00e9glementation applicable, d\u2019une violation, si nous en consid\u00e9rons la n\u00e9cessit\u00e9.<\/p>\n\n\n\n<h2 class=\"wp-block-heading\">Pr\u00e9cisions concernant les donn\u00e9es clients pour la location saisonni\u00e8re<\/h2>\n\n\n\n<p>Lorsqu\u2019une relation contractuelle est constitu\u00e9e entre nous \u201cbailleur\u201d et vous \u201cpreneur\u201d, le traitement de vos donn\u00e9es a pour finalit\u00e9 de nous permettre d&rsquo;ex\u00e9cuter convenablement les engagements contractuels ; de v\u00e9rifier votre identit\u00e9, et de vous contacter plus facilement en cas de suivi demand\u00e9 ou de probl\u00e8me urgent ; d\u2019\u00e9viter \/ faire cesser toute activit\u00e9 illicite ou ill\u00e9gale ; de v\u00e9rifier la bonne application de nos conditions g\u00e9n\u00e9rales. Enfin, d\u2019engager \u00e9ventuellement des proc\u00e9dures judiciaires en cas de non-respect de ces conditions ou de probl\u00e8mes constat\u00e9s dans d\u2019autres cas de figure.<\/p>\n\n\n\n<h2 class=\"wp-block-heading\">Conservation des donn\u00e9es<\/h2>\n\n\n\n<p>Ces donn\u00e9es seront conserv\u00e9es et analys\u00e9es par nous afin de traiter les demandes en cours et \u00e0 venir de votre part. Nous ne conserverons vos donn\u00e9es personnelles que le temps n\u00e9cessaire pour remplir les objectifs pour lesquels nous les avons collect\u00e9es, et pour satisfaire aux exigences l\u00e9gales, comptables ou de \u201creporting\u201d.<\/p>\n\n\n\n<p>Lorsque nous d\u00e9cidons de conserver ces donn\u00e9es, nous examinons les montants, leur nature et leur sensibilit\u00e9, le risque potentiel de pr\u00e9judice r\u00e9sultant d\u2019une utilisation ou d\u2019une divulgation non autoris\u00e9e, leur traitement, et tous aspects r\u00e9pondant aux exigences l\u00e9gales.<\/p>\n\n\n\n<p>Pour des raisons fiscales, la loi nous oblige \u00e0 conserver certaines informations de base sur nos clients (y compris les donn\u00e9es de contact, d\u2019identit\u00e9, financi\u00e8res et de transaction) pendant six ans apr\u00e8s qu\u2019ils cessent d\u2019\u00eatre clients.<\/p>\n\n\n\n<p>Dans certaines circonstances, nous pouvons anonymiser vos donn\u00e9es personnelles \u00e0 des fins de recherche ou statistiques, auquel cas nous pouvons utiliser ces informations ind\u00e9finiment sans autre avis. Vos donn\u00e9es seront trait\u00e9es et conserv\u00e9es aussi longtemps que requis pour les utilisations et finalit\u00e9s \u00e9nonc\u00e9es ci-dessus, et ce, tant que vous ne nous aurez pas demand\u00e9 le retrait de celles-ci.<\/p>\n\n\n\n<h2 class=\"wp-block-heading\">S\u00e9curit\u00e9 des \u00e9changes et liens de tiers.<\/h2>\n\n\n\n<p>Ce site Web peut inclure des liens vers des sites tiers, des plug-ins et des applications. En cliquant sur ces liens ou en activant ces connexions, il est possible que des tiers puissent collecter ou partager des donn\u00e9es vous concernant. Nous ne contr\u00f4lons pas ces sites Web tiers et ne sommes pas responsables de leurs d\u00e9clarations de confidentialit\u00e9. Lorsque vous quittez notre site Web, nous vous encourageons \u00e0 lire l\u2019avis de confidentialit\u00e9 de chaque site tiers que vous visitez.<\/p>\n\n\n\n<h2 class=\"wp-block-heading\">Droits et devoirs de l\u2019utilisateur<\/h2>\n\n\n\n<p>Vous pouvez \u00e0 tout moment retirer votre consentement quant \u00e0 la conservation et au traitement de vos donn\u00e9es par notre site, demander des explications plus approfondies sur le traitement de ces derni\u00e8res, et copie des donn\u00e9es en cours de traitement \u00e0 notre soci\u00e9t\u00e9. Si vous souhaitez rectifier certaines informations, vous pouvez nous contacter directement \u00e0 l\u2019adresse info@maxwellbaynes.com. Si vous souhaitez limiter notre utilisation de vos donn\u00e9es, vous pouvez \u00e9galement nous le faire savoir par le m\u00eame canal. Enfin, si l\u2019utilisateur souhaite d\u00e9poser une plainte, il peut se r\u00e9f\u00e9rer au m\u00e9diateur de la consommation suivant : MCP m\u00e9diation qui peut \u00eatre saisi en ligne \u00e0 l&rsquo;adresse suivante : <\/p>\n\n\n\n<p>www.mcpmediation.org ou par courrier M\u00c9DIATION DE LA CONSOMMATION &amp; PATRIMOINE &#8211; 12 Square Desnouettes &#8211; 75015 PARIS.<\/p>\n\n\n\n<p>Par ailleurs, l\u2019utilisateur s\u2019engage \u00e0 ne pas porter atteinte \u00e0 l\u2019image de la soci\u00e9t\u00e9, ni \u00e0 affecter son bon fonctionnement.<\/p>\n\n\n\n<h2 class=\"wp-block-heading\">Propri\u00e9t\u00e9 intellectuelle<\/h2>\n\n\n\n<p>Nous d\u00e9tenons tous les droits de propri\u00e9t\u00e9 intellectuelle et droits d\u2019usage relatifs au site Pyla Immobilier, notamment les textes, images, graphismes, logos, ic\u00f4nes, sons, logiciels, animations, etc. Toute reproduction est interdite, sauf autorisation \u00e9crite pr\u00e9alable \u00e0 l\u2019email : marketing@maxwellbaynes.com<\/p>\n","protected":false},"excerpt":{"rendered":"<p>Politique de Confidentialit\u00e9 et de Protection des Donn\u00e9es Les cookies Les cookies recueillent des donn\u00e9es pr\u00e9cieuses pour l\u2019entreprise et l\u2019utilisateur. Ils servent \u00e0 cibler rapidement votre demande. Ces donn\u00e9es permettent de r\u00e9pondre aux besoins de nos utilisateurs. Il est possible de refuser partiellement ou totalement ces traqueurs d\u2019activit\u00e9 sur les onglets pr\u00e9vus \u00e0 cet effet [&hellip;]<\/p>\n","protected":false},"author":1,"featured_media":0,"parent":0,"menu_order":0,"comment_status":"closed","ping_status":"closed","template":"template-centered.php","meta":{"_acf_changed":false,"footnotes":""},"class_list":["post-1930","page","type-page","status-publish","hentry"],"acf":[],"yoast_head":"<!-- This site is optimized with the Yoast SEO plugin v27.5 - https:\/\/yoast.com\/product\/yoast-seo-wordpress\/ -->\n<title>Politique de Confidentialit\u00e9 - Pyla Immobilier<\/title>\n<meta name=\"description\" content=\"La politique de confidentialit\u00e9 de l&#039;agence Pyla Immobilier, Maxwell-Baynes | Christie\u2019s International Real Estate.\" \/>\n<meta name=\"robots\" content=\"index, follow, max-snippet:-1, max-image-preview:large, max-video-preview:-1\" \/>\n<link rel=\"canonical\" href=\"https:\/\/pylaimmobilier.fr\/fr\/donnees-personnelles\/\" \/>\n<meta property=\"og:locale\" content=\"fr_FR\" \/>\n<meta property=\"og:type\" content=\"article\" \/>\n<meta property=\"og:title\" content=\"Politique de Confidentialit\u00e9 - Pyla Immobilier\" \/>\n<meta property=\"og:description\" content=\"La politique de confidentialit\u00e9 de l&#039;agence Pyla Immobilier, Maxwell-Baynes | Christie\u2019s International Real Estate.\" \/>\n<meta property=\"og:url\" content=\"https:\/\/pylaimmobilier.fr\/fr\/donnees-personnelles\/\" \/>\n<meta property=\"og:site_name\" content=\"Pyla Immobilier\" \/>\n<meta property=\"article:modified_time\" content=\"2023-12-29T09:44:09+00:00\" \/>\n<meta name=\"twitter:card\" content=\"summary_large_image\" \/>\n<meta name=\"twitter:title\" content=\"Politique de Confidentialit\u00e9 - Pyla Immobilier\" \/>\n<meta name=\"twitter:description\" content=\"La politique de confidentialit\u00e9 de l&#039;agence Pyla Immobilier, Maxwell-Baynes | Christie\u2019s International Real Estate.\" \/>\n<meta name=\"twitter:label1\" content=\"Dur\u00e9e de lecture estim\u00e9e\" \/>\n\t<meta name=\"twitter:data1\" content=\"5 minutes\" \/>\n<script type=\"application\/ld+json\" class=\"yoast-schema-graph\">{\"@context\":\"https:\\\/\\\/schema.org\",\"@graph\":[{\"@type\":\"WebPage\",\"@id\":\"https:\\\/\\\/pylaimmobilier.fr\\\/fr\\\/donnees-personnelles\\\/\",\"url\":\"https:\\\/\\\/pylaimmobilier.fr\\\/fr\\\/donnees-personnelles\\\/\",\"name\":\"Politique de Confidentialit\u00e9 - Pyla Immobilier\",\"isPartOf\":{\"@id\":\"https:\\\/\\\/pylaimmobilier.fr\\\/fr\\\/#website\"},\"datePublished\":\"2023-12-28T10:06:31+00:00\",\"dateModified\":\"2023-12-29T09:44:09+00:00\",\"description\":\"La politique de confidentialit\u00e9 de l'agence Pyla Immobilier, Maxwell-Baynes | Christie\u2019s International Real Estate.\",\"breadcrumb\":{\"@id\":\"https:\\\/\\\/pylaimmobilier.fr\\\/fr\\\/donnees-personnelles\\\/#breadcrumb\"},\"inLanguage\":\"fr-FR\",\"potentialAction\":[{\"@type\":\"ReadAction\",\"target\":[\"https:\\\/\\\/pylaimmobilier.fr\\\/fr\\\/donnees-personnelles\\\/\"]}]},{\"@type\":\"BreadcrumbList\",\"@id\":\"https:\\\/\\\/pylaimmobilier.fr\\\/fr\\\/donnees-personnelles\\\/#breadcrumb\",\"itemListElement\":[{\"@type\":\"ListItem\",\"position\":1,\"name\":\"Home\",\"item\":\"https:\\\/\\\/pylaimmobilier.fr\\\/fr\\\/\"},{\"@type\":\"ListItem\",\"position\":2,\"name\":\"Politique de Confidentialit\u00e9\"}]},{\"@type\":\"WebSite\",\"@id\":\"https:\\\/\\\/pylaimmobilier.fr\\\/fr\\\/#website\",\"url\":\"https:\\\/\\\/pylaimmobilier.fr\\\/fr\\\/\",\"name\":\"Pyla Immobilier\",\"description\":\"Holiday rentals in the Basin d&#039;Arcachon\",\"potentialAction\":[{\"@type\":\"SearchAction\",\"target\":{\"@type\":\"EntryPoint\",\"urlTemplate\":\"https:\\\/\\\/pylaimmobilier.fr\\\/fr\\\/?s={search_term_string}\"},\"query-input\":{\"@type\":\"PropertyValueSpecification\",\"valueRequired\":true,\"valueName\":\"search_term_string\"}}],\"inLanguage\":\"fr-FR\"}]}<\/script>\n<!-- \/ Yoast SEO plugin. -->","yoast_head_json":{"title":"Politique de Confidentialit\u00e9 - Pyla Immobilier","description":"La politique de confidentialit\u00e9 de l'agence Pyla Immobilier, Maxwell-Baynes | Christie\u2019s International Real Estate.","robots":{"index":"index","follow":"follow","max-snippet":"max-snippet:-1","max-image-preview":"max-image-preview:large","max-video-preview":"max-video-preview:-1"},"canonical":"https:\/\/pylaimmobilier.fr\/fr\/donnees-personnelles\/","og_locale":"fr_FR","og_type":"article","og_title":"Politique de Confidentialit\u00e9 - Pyla Immobilier","og_description":"La politique de confidentialit\u00e9 de l'agence Pyla Immobilier, Maxwell-Baynes | Christie\u2019s International Real Estate.","og_url":"https:\/\/pylaimmobilier.fr\/fr\/donnees-personnelles\/","og_site_name":"Pyla Immobilier","article_modified_time":"2023-12-29T09:44:09+00:00","twitter_card":"summary_large_image","twitter_title":"Politique de Confidentialit\u00e9 - Pyla Immobilier","twitter_description":"La politique de confidentialit\u00e9 de l'agence Pyla Immobilier, Maxwell-Baynes | Christie\u2019s International Real Estate.","twitter_misc":{"Dur\u00e9e de lecture estim\u00e9e":"5 minutes"},"schema":{"@context":"https:\/\/schema.org","@graph":[{"@type":"WebPage","@id":"https:\/\/pylaimmobilier.fr\/fr\/donnees-personnelles\/","url":"https:\/\/pylaimmobilier.fr\/fr\/donnees-personnelles\/","name":"Politique de Confidentialit\u00e9 - Pyla Immobilier","isPartOf":{"@id":"https:\/\/pylaimmobilier.fr\/fr\/#website"},"datePublished":"2023-12-28T10:06:31+00:00","dateModified":"2023-12-29T09:44:09+00:00","description":"La politique de confidentialit\u00e9 de l'agence Pyla Immobilier, Maxwell-Baynes | Christie\u2019s International Real Estate.","breadcrumb":{"@id":"https:\/\/pylaimmobilier.fr\/fr\/donnees-personnelles\/#breadcrumb"},"inLanguage":"fr-FR","potentialAction":[{"@type":"ReadAction","target":["https:\/\/pylaimmobilier.fr\/fr\/donnees-personnelles\/"]}]},{"@type":"BreadcrumbList","@id":"https:\/\/pylaimmobilier.fr\/fr\/donnees-personnelles\/#breadcrumb","itemListElement":[{"@type":"ListItem","position":1,"name":"Home","item":"https:\/\/pylaimmobilier.fr\/fr\/"},{"@type":"ListItem","position":2,"name":"Politique de Confidentialit\u00e9"}]},{"@type":"WebSite","@id":"https:\/\/pylaimmobilier.fr\/fr\/#website","url":"https:\/\/pylaimmobilier.fr\/fr\/","name":"Pyla Immobilier","description":"Holiday rentals in the Basin d&#039;Arcachon","potentialAction":[{"@type":"SearchAction","target":{"@type":"EntryPoint","urlTemplate":"https:\/\/pylaimmobilier.fr\/fr\/?s={search_term_string}"},"query-input":{"@type":"PropertyValueSpecification","valueRequired":true,"valueName":"search_term_string"}}],"inLanguage":"fr-FR"}]}},"_links":{"self":[{"href":"https:\/\/pylaimmobilier.fr\/fr\/wp-json\/wp\/v2\/pages\/1930","targetHints":{"allow":["GET"]}}],"collection":[{"href":"https:\/\/pylaimmobilier.fr\/fr\/wp-json\/wp\/v2\/pages"}],"about":[{"href":"https:\/\/pylaimmobilier.fr\/fr\/wp-json\/wp\/v2\/types\/page"}],"author":[{"embeddable":true,"href":"https:\/\/pylaimmobilier.fr\/fr\/wp-json\/wp\/v2\/users\/1"}],"replies":[{"embeddable":true,"href":"https:\/\/pylaimmobilier.fr\/fr\/wp-json\/wp\/v2\/comments?post=1930"}],"version-history":[{"count":6,"href":"https:\/\/pylaimmobilier.fr\/fr\/wp-json\/wp\/v2\/pages\/1930\/revisions"}],"predecessor-version":[{"id":1937,"href":"https:\/\/pylaimmobilier.fr\/fr\/wp-json\/wp\/v2\/pages\/1930\/revisions\/1937"}],"wp:attachment":[{"href":"https:\/\/pylaimmobilier.fr\/fr\/wp-json\/wp\/v2\/media?parent=1930"}],"curies":[{"name":"wp","href":"https:\/\/api.w.org\/{rel}","templated":true}]}}