{"id":1966,"date":"2023-12-28T11:55:25","date_gmt":"2023-12-28T11:55:25","guid":{"rendered":"https:\/\/pylaimmobilier.fr\/?page_id=1966"},"modified":"2023-12-29T09:55:38","modified_gmt":"2023-12-29T09:55:38","slug":"vivre-sur-le-bassin","status":"publish","type":"page","link":"https:\/\/pylaimmobilier.fr\/fr\/vivre-sur-le-bassin\/","title":{"rendered":"Vivre Sur Le Bassin"},"content":{"rendered":"","protected":false},"excerpt":{"rendered":"","protected":false},"author":1,"featured_media":0,"parent":0,"menu_order":0,"comment_status":"closed","ping_status":"closed","template":"template-modular.php","meta":{"_acf_changed":false,"footnotes":""},"class_list":["post-1966","page","type-page","status-publish","hentry"],"acf":[],"yoast_head":"<!-- This site is optimized with the Yoast SEO plugin v27.5 - https:\/\/yoast.com\/product\/yoast-seo-wordpress\/ -->\n<title>Vivre Sur Le Bassin d&#039;Arcachon - Pyla Immobilier<\/title>\n<meta name=\"description\" content=\"Que vous soyez en vacances ou envisagiez de vous installer, d\u00e9couvrez les multiples facettes du Bassin d&#039;Arcachon.\" \/>\n<meta name=\"robots\" content=\"index, follow, max-snippet:-1, max-image-preview:large, max-video-preview:-1\" \/>\n<link rel=\"canonical\" href=\"https:\/\/pylaimmobilier.fr\/fr\/vivre-sur-le-bassin\/\" \/>\n<meta property=\"og:locale\" content=\"fr_FR\" \/>\n<meta property=\"og:type\" content=\"article\" \/>\n<meta property=\"og:title\" content=\"Vivre Sur Le Bassin d&#039;Arcachon - Pyla Immobilier\" \/>\n<meta property=\"og:description\" content=\"Que vous soyez en vacances ou envisagiez de vous installer, d\u00e9couvrez les multiples facettes du Bassin d&#039;Arcachon.\" \/>\n<meta property=\"og:url\" content=\"https:\/\/pylaimmobilier.fr\/fr\/vivre-sur-le-bassin\/\" \/>\n<meta property=\"og:site_name\" content=\"Pyla Immobilier\" \/>\n<meta property=\"article:modified_time\" content=\"2023-12-29T09:55:38+00:00\" \/>\n<meta name=\"twitter:card\" content=\"summary_large_image\" \/>\n<meta name=\"twitter:title\" content=\"Vivre Sur Le Bassin d&#039;Arcachon - Pyla Immobilier\" \/>\n<meta name=\"twitter:description\" content=\"Que vous soyez en vacances ou envisagiez de vous installer, d\u00e9couvrez les multiples facettes du Bassin d&#039;Arcachon.\" \/>\n<meta name=\"twitter:label1\" content=\"Dur\u00e9e de lecture estim\u00e9e\" \/>\n\t<meta name=\"twitter:data1\" content=\"2 minutes\" \/>\n<script type=\"application\/ld+json\" class=\"yoast-schema-graph\">{\"@context\":\"https:\\\/\\\/schema.org\",\"@graph\":[{\"@type\":\"WebPage\",\"@id\":\"https:\\\/\\\/pylaimmobilier.fr\\\/fr\\\/vivre-sur-le-bassin\\\/\",\"url\":\"https:\\\/\\\/pylaimmobilier.fr\\\/fr\\\/vivre-sur-le-bassin\\\/\",\"name\":\"Vivre Sur Le Bassin d'Arcachon - Pyla Immobilier\",\"isPartOf\":{\"@id\":\"https:\\\/\\\/pylaimmobilier.fr\\\/fr\\\/#website\"},\"datePublished\":\"2023-12-28T11:55:25+00:00\",\"dateModified\":\"2023-12-29T09:55:38+00:00\",\"description\":\"Que vous soyez en vacances ou envisagiez de vous installer, d\u00e9couvrez les multiples facettes du Bassin d'Arcachon.\",\"breadcrumb\":{\"@id\":\"https:\\\/\\\/pylaimmobilier.fr\\\/fr\\\/vivre-sur-le-bassin\\\/#breadcrumb\"},\"inLanguage\":\"fr-FR\",\"potentialAction\":[{\"@type\":\"ReadAction\",\"target\":[\"https:\\\/\\\/pylaimmobilier.fr\\\/fr\\\/vivre-sur-le-bassin\\\/\"]}]},{\"@type\":\"BreadcrumbList\",\"@id\":\"https:\\\/\\\/pylaimmobilier.fr\\\/fr\\\/vivre-sur-le-bassin\\\/#breadcrumb\",\"itemListElement\":[{\"@type\":\"ListItem\",\"position\":1,\"name\":\"Home\",\"item\":\"https:\\\/\\\/pylaimmobilier.fr\\\/fr\\\/\"},{\"@type\":\"ListItem\",\"position\":2,\"name\":\"Vivre Sur Le Bassin\"}]},{\"@type\":\"WebSite\",\"@id\":\"https:\\\/\\\/pylaimmobilier.fr\\\/fr\\\/#website\",\"url\":\"https:\\\/\\\/pylaimmobilier.fr\\\/fr\\\/\",\"name\":\"Pyla Immobilier\",\"description\":\"Holiday rentals in the Basin d&#039;Arcachon\",\"potentialAction\":[{\"@type\":\"SearchAction\",\"target\":{\"@type\":\"EntryPoint\",\"urlTemplate\":\"https:\\\/\\\/pylaimmobilier.fr\\\/fr\\\/?s={search_term_string}\"},\"query-input\":{\"@type\":\"PropertyValueSpecification\",\"valueRequired\":true,\"valueName\":\"search_term_string\"}}],\"inLanguage\":\"fr-FR\"}]}<\/script>\n<!-- \/ Yoast SEO plugin. -->","yoast_head_json":{"title":"Vivre Sur Le Bassin d'Arcachon - Pyla Immobilier","description":"Que vous soyez en vacances ou envisagiez de vous installer, d\u00e9couvrez les multiples facettes du Bassin d'Arcachon.","robots":{"index":"index","follow":"follow","max-snippet":"max-snippet:-1","max-image-preview":"max-image-preview:large","max-video-preview":"max-video-preview:-1"},"canonical":"https:\/\/pylaimmobilier.fr\/fr\/vivre-sur-le-bassin\/","og_locale":"fr_FR","og_type":"article","og_title":"Vivre Sur Le Bassin d'Arcachon - Pyla Immobilier","og_description":"Que vous soyez en vacances ou envisagiez de vous installer, d\u00e9couvrez les multiples facettes du Bassin d'Arcachon.","og_url":"https:\/\/pylaimmobilier.fr\/fr\/vivre-sur-le-bassin\/","og_site_name":"Pyla Immobilier","article_modified_time":"2023-12-29T09:55:38+00:00","twitter_card":"summary_large_image","twitter_title":"Vivre Sur Le Bassin d'Arcachon - Pyla Immobilier","twitter_description":"Que vous soyez en vacances ou envisagiez de vous installer, d\u00e9couvrez les multiples facettes du Bassin d'Arcachon.","twitter_misc":{"Dur\u00e9e de lecture estim\u00e9e":"2 minutes"},"schema":{"@context":"https:\/\/schema.org","@graph":[{"@type":"WebPage","@id":"https:\/\/pylaimmobilier.fr\/fr\/vivre-sur-le-bassin\/","url":"https:\/\/pylaimmobilier.fr\/fr\/vivre-sur-le-bassin\/","name":"Vivre Sur Le Bassin d'Arcachon - Pyla Immobilier","isPartOf":{"@id":"https:\/\/pylaimmobilier.fr\/fr\/#website"},"datePublished":"2023-12-28T11:55:25+00:00","dateModified":"2023-12-29T09:55:38+00:00","description":"Que vous soyez en vacances ou envisagiez de vous installer, d\u00e9couvrez les multiples facettes du Bassin d'Arcachon.","breadcrumb":{"@id":"https:\/\/pylaimmobilier.fr\/fr\/vivre-sur-le-bassin\/#breadcrumb"},"inLanguage":"fr-FR","potentialAction":[{"@type":"ReadAction","target":["https:\/\/pylaimmobilier.fr\/fr\/vivre-sur-le-bassin\/"]}]},{"@type":"BreadcrumbList","@id":"https:\/\/pylaimmobilier.fr\/fr\/vivre-sur-le-bassin\/#breadcrumb","itemListElement":[{"@type":"ListItem","position":1,"name":"Home","item":"https:\/\/pylaimmobilier.fr\/fr\/"},{"@type":"ListItem","position":2,"name":"Vivre Sur Le Bassin"}]},{"@type":"WebSite","@id":"https:\/\/pylaimmobilier.fr\/fr\/#website","url":"https:\/\/pylaimmobilier.fr\/fr\/","name":"Pyla Immobilier","description":"Holiday rentals in the Basin d&#039;Arcachon","potentialAction":[{"@type":"SearchAction","target":{"@type":"EntryPoint","urlTemplate":"https:\/\/pylaimmobilier.fr\/fr\/?s={search_term_string}"},"query-input":{"@type":"PropertyValueSpecification","valueRequired":true,"valueName":"search_term_string"}}],"inLanguage":"fr-FR"}]}},"_links":{"self":[{"href":"https:\/\/pylaimmobilier.fr\/fr\/wp-json\/wp\/v2\/pages\/1966","targetHints":{"allow":["GET"]}}],"collection":[{"href":"https:\/\/pylaimmobilier.fr\/fr\/wp-json\/wp\/v2\/pages"}],"about":[{"href":"https:\/\/pylaimmobilier.fr\/fr\/wp-json\/wp\/v2\/types\/page"}],"author":[{"embeddable":true,"href":"https:\/\/pylaimmobilier.fr\/fr\/wp-json\/wp\/v2\/users\/1"}],"replies":[{"embeddable":true,"href":"https:\/\/pylaimmobilier.fr\/fr\/wp-json\/wp\/v2\/comments?post=1966"}],"version-history":[{"count":2,"href":"https:\/\/pylaimmobilier.fr\/fr\/wp-json\/wp\/v2\/pages\/1966\/revisions"}],"predecessor-version":[{"id":2037,"href":"https:\/\/pylaimmobilier.fr\/fr\/wp-json\/wp\/v2\/pages\/1966\/revisions\/2037"}],"wp:attachment":[{"href":"https:\/\/pylaimmobilier.fr\/fr\/wp-json\/wp\/v2\/media?parent=1966"}],"curies":[{"name":"wp","href":"https:\/\/api.w.org\/{rel}","templated":true}]}}