{"id":2451,"date":"2024-02-22T11:30:20","date_gmt":"2024-02-22T10:30:20","guid":{"rendered":"https:\/\/pylaimmobilier.fr\/?page_id=2451"},"modified":"2024-11-01T12:39:08","modified_gmt":"2024-11-01T11:39:08","slug":"honoraires","status":"publish","type":"page","link":"https:\/\/pylaimmobilier.fr\/fr\/honoraires\/","title":{"rendered":"Honoraires"},"content":{"rendered":"\n<h2 class=\"wp-block-heading\">VENTE (pleine propri\u00e9t\u00e9)<\/h2>\n\n\n\n<h5 class=\"wp-block-heading\">MANDAT DE VENTE<\/h5>\n\n\n\n<figure class=\"wp-block-table\"><table><tbody><tr><td>Prix de vente inf\u00e9rieur ou \u00e9gale \u00e0 650 000 \u20ac<\/td><td>7% T.T.C. (soit 5,83% H.T.)&nbsp;\u00e0 la charge du vendeur<\/td><\/tr><tr><td>Prix de vente sup\u00e9rieur \u00e0 650 000 \u20ac<\/td><td>6% T.T.C. (soit 5% H.T.)&nbsp;\u00e0 la charge du vendeur<\/td><\/tr><\/tbody><\/table><\/figure>\n\n\n\n<h5 class=\"wp-block-heading\">MANDAT DE N\u00c9GOCIATION D&rsquo;ACHAT<\/h5>\n\n\n\n<figure class=\"wp-block-table\"><table><tbody><tr><td>6% T.T.C. \u00e0 la charge de l&rsquo;acqu\u00e9reur<\/td><\/tr><\/tbody><\/table><\/figure>\n\n\n\n<h5 class=\"wp-block-heading\">AVIS DE VALEUR<\/h5>\n\n\n\n<figure class=\"wp-block-table\"><table><tbody><tr><td>Forfait<\/td><td>2 500 \u20ac H.T &#8211; 3 000 \u20ac T.T.C&nbsp;\u00e0 la charge du vendeur<\/td><\/tr><\/tbody><\/table><\/figure>\n\n\n\n<h2 class=\"wp-block-heading\">LOCATION SAISONNI\u00c8RE<\/h2>\n\n\n\n<h5 class=\"wp-block-heading\"><strong>MANDAT DE GESTION LOCATIVE \/ LOCATION SAISONNI\u00c8RE<\/strong><\/h5>\n\n\n\n<figure class=\"wp-block-table\"><table><tbody><tr><td>25% T.T.C. (20,83% H.T.) \u00e0 la charge du propri\u00e9taire<\/td><\/tr><\/tbody><\/table><\/figure>\n\n\n\n<p>Bar\u00e8me en vigueur au 29 septembre 2020<br>T.V.A : 20%<\/p>\n\n\n\n<p><strong>La soci\u00e9t\u00e9 Maxwell-Baynes ne d\u00e9tient aucun fonds pour le compte de ses clients et ne re\u00e7oit d&rsquo;eux que le paiement de ses honoraires.<br>En Gestion Locative, Garantie financi\u00e8re de 400 000 \u20ac, par AXA France IARD \u2013 313, Terrasses de l\u2019Arche \u2013 92727 Nanterre Cedex<\/strong><\/p>\n","protected":false},"excerpt":{"rendered":"<p>VENTE (pleine propri\u00e9t\u00e9) MANDAT DE VENTE Prix de vente inf\u00e9rieur ou \u00e9gale \u00e0 650 000 \u20ac 7% T.T.C. (soit 5,83% H.T.)&nbsp;\u00e0 la charge du vendeur Prix de vente sup\u00e9rieur \u00e0 650 000 \u20ac 6% T.T.C. (soit 5% H.T.)&nbsp;\u00e0 la charge du vendeur MANDAT DE N\u00c9GOCIATION D&rsquo;ACHAT 6% T.T.C. \u00e0 la charge de l&rsquo;acqu\u00e9reur AVIS DE [&hellip;]<\/p>\n","protected":false},"author":1,"featured_media":0,"parent":0,"menu_order":0,"comment_status":"closed","ping_status":"closed","template":"template-centered.php","meta":{"_acf_changed":false,"footnotes":""},"class_list":["post-2451","page","type-page","status-publish","hentry"],"acf":[],"yoast_head":"<!-- This site is optimized with the Yoast SEO plugin v27.5 - https:\/\/yoast.com\/product\/yoast-seo-wordpress\/ -->\n<title>Honoraires de vente et de location saisonni\u00e8re | Pyla Immobilier<\/title>\n<meta name=\"robots\" content=\"index, follow, max-snippet:-1, max-image-preview:large, max-video-preview:-1\" \/>\n<link rel=\"canonical\" href=\"https:\/\/pylaimmobilier.fr\/fr\/honoraires\/\" \/>\n<meta property=\"og:locale\" content=\"fr_FR\" \/>\n<meta property=\"og:type\" content=\"article\" \/>\n<meta property=\"og:title\" content=\"Honoraires de vente et de location saisonni\u00e8re | Pyla Immobilier\" \/>\n<meta property=\"og:description\" content=\"VENTE (pleine propri\u00e9t\u00e9) MANDAT DE VENTE Prix de vente inf\u00e9rieur ou \u00e9gale \u00e0 650 000 \u20ac 7% T.T.C. (soit 5,83% H.T.)&nbsp;\u00e0 la charge du vendeur...\" \/>\n<meta property=\"og:url\" content=\"https:\/\/pylaimmobilier.fr\/fr\/honoraires\/\" \/>\n<meta property=\"og:site_name\" content=\"Pyla Immobilier\" \/>\n<meta property=\"article:modified_time\" content=\"2024-11-01T11:39:08+00:00\" \/>\n<meta name=\"twitter:card\" content=\"summary_large_image\" \/>\n<meta name=\"twitter:label1\" content=\"Dur\u00e9e de lecture estim\u00e9e\" \/>\n\t<meta name=\"twitter:data1\" content=\"1 minute\" \/>\n<script type=\"application\/ld+json\" class=\"yoast-schema-graph\">{\"@context\":\"https:\\\/\\\/schema.org\",\"@graph\":[{\"@type\":\"WebPage\",\"@id\":\"https:\\\/\\\/pylaimmobilier.fr\\\/fr\\\/honoraires\\\/\",\"url\":\"https:\\\/\\\/pylaimmobilier.fr\\\/fr\\\/honoraires\\\/\",\"name\":\"Honoraires de vente et de location saisonni\u00e8re | Pyla Immobilier\",\"isPartOf\":{\"@id\":\"https:\\\/\\\/pylaimmobilier.fr\\\/fr\\\/#website\"},\"datePublished\":\"2024-02-22T10:30:20+00:00\",\"dateModified\":\"2024-11-01T11:39:08+00:00\",\"breadcrumb\":{\"@id\":\"https:\\\/\\\/pylaimmobilier.fr\\\/fr\\\/honoraires\\\/#breadcrumb\"},\"inLanguage\":\"fr-FR\",\"potentialAction\":[{\"@type\":\"ReadAction\",\"target\":[\"https:\\\/\\\/pylaimmobilier.fr\\\/fr\\\/honoraires\\\/\"]}]},{\"@type\":\"BreadcrumbList\",\"@id\":\"https:\\\/\\\/pylaimmobilier.fr\\\/fr\\\/honoraires\\\/#breadcrumb\",\"itemListElement\":[{\"@type\":\"ListItem\",\"position\":1,\"name\":\"Home\",\"item\":\"https:\\\/\\\/pylaimmobilier.fr\\\/fr\\\/\"},{\"@type\":\"ListItem\",\"position\":2,\"name\":\"Honoraires\"}]},{\"@type\":\"WebSite\",\"@id\":\"https:\\\/\\\/pylaimmobilier.fr\\\/fr\\\/#website\",\"url\":\"https:\\\/\\\/pylaimmobilier.fr\\\/fr\\\/\",\"name\":\"Pyla Immobilier\",\"description\":\"Holiday rentals in the Basin d&#039;Arcachon\",\"potentialAction\":[{\"@type\":\"SearchAction\",\"target\":{\"@type\":\"EntryPoint\",\"urlTemplate\":\"https:\\\/\\\/pylaimmobilier.fr\\\/fr\\\/?s={search_term_string}\"},\"query-input\":{\"@type\":\"PropertyValueSpecification\",\"valueRequired\":true,\"valueName\":\"search_term_string\"}}],\"inLanguage\":\"fr-FR\"}]}<\/script>\n<!-- \/ Yoast SEO plugin. -->","yoast_head_json":{"title":"Honoraires de vente et de location saisonni\u00e8re | Pyla Immobilier","robots":{"index":"index","follow":"follow","max-snippet":"max-snippet:-1","max-image-preview":"max-image-preview:large","max-video-preview":"max-video-preview:-1"},"canonical":"https:\/\/pylaimmobilier.fr\/fr\/honoraires\/","og_locale":"fr_FR","og_type":"article","og_title":"Honoraires de vente et de location saisonni\u00e8re | Pyla Immobilier","og_description":"VENTE (pleine propri\u00e9t\u00e9) MANDAT DE VENTE Prix de vente inf\u00e9rieur ou \u00e9gale \u00e0 650 000 \u20ac 7% T.T.C. (soit 5,83% H.T.)&nbsp;\u00e0 la charge du vendeur...","og_url":"https:\/\/pylaimmobilier.fr\/fr\/honoraires\/","og_site_name":"Pyla Immobilier","article_modified_time":"2024-11-01T11:39:08+00:00","twitter_card":"summary_large_image","twitter_misc":{"Dur\u00e9e de lecture estim\u00e9e":"1 minute"},"schema":{"@context":"https:\/\/schema.org","@graph":[{"@type":"WebPage","@id":"https:\/\/pylaimmobilier.fr\/fr\/honoraires\/","url":"https:\/\/pylaimmobilier.fr\/fr\/honoraires\/","name":"Honoraires de vente et de location saisonni\u00e8re | Pyla Immobilier","isPartOf":{"@id":"https:\/\/pylaimmobilier.fr\/fr\/#website"},"datePublished":"2024-02-22T10:30:20+00:00","dateModified":"2024-11-01T11:39:08+00:00","breadcrumb":{"@id":"https:\/\/pylaimmobilier.fr\/fr\/honoraires\/#breadcrumb"},"inLanguage":"fr-FR","potentialAction":[{"@type":"ReadAction","target":["https:\/\/pylaimmobilier.fr\/fr\/honoraires\/"]}]},{"@type":"BreadcrumbList","@id":"https:\/\/pylaimmobilier.fr\/fr\/honoraires\/#breadcrumb","itemListElement":[{"@type":"ListItem","position":1,"name":"Home","item":"https:\/\/pylaimmobilier.fr\/fr\/"},{"@type":"ListItem","position":2,"name":"Honoraires"}]},{"@type":"WebSite","@id":"https:\/\/pylaimmobilier.fr\/fr\/#website","url":"https:\/\/pylaimmobilier.fr\/fr\/","name":"Pyla Immobilier","description":"Holiday rentals in the Basin d&#039;Arcachon","potentialAction":[{"@type":"SearchAction","target":{"@type":"EntryPoint","urlTemplate":"https:\/\/pylaimmobilier.fr\/fr\/?s={search_term_string}"},"query-input":{"@type":"PropertyValueSpecification","valueRequired":true,"valueName":"search_term_string"}}],"inLanguage":"fr-FR"}]}},"_links":{"self":[{"href":"https:\/\/pylaimmobilier.fr\/fr\/wp-json\/wp\/v2\/pages\/2451","targetHints":{"allow":["GET"]}}],"collection":[{"href":"https:\/\/pylaimmobilier.fr\/fr\/wp-json\/wp\/v2\/pages"}],"about":[{"href":"https:\/\/pylaimmobilier.fr\/fr\/wp-json\/wp\/v2\/types\/page"}],"author":[{"embeddable":true,"href":"https:\/\/pylaimmobilier.fr\/fr\/wp-json\/wp\/v2\/users\/1"}],"replies":[{"embeddable":true,"href":"https:\/\/pylaimmobilier.fr\/fr\/wp-json\/wp\/v2\/comments?post=2451"}],"version-history":[{"count":6,"href":"https:\/\/pylaimmobilier.fr\/fr\/wp-json\/wp\/v2\/pages\/2451\/revisions"}],"predecessor-version":[{"id":2709,"href":"https:\/\/pylaimmobilier.fr\/fr\/wp-json\/wp\/v2\/pages\/2451\/revisions\/2709"}],"wp:attachment":[{"href":"https:\/\/pylaimmobilier.fr\/fr\/wp-json\/wp\/v2\/media?parent=2451"}],"curies":[{"name":"wp","href":"https:\/\/api.w.org\/{rel}","templated":true}]}}