{"id":402,"date":"2023-11-18T10:49:07","date_gmt":"2023-11-18T09:49:07","guid":{"rendered":"https:\/\/pylaimmobilier.fr\/?page_id=402"},"modified":"2025-02-24T10:03:21","modified_gmt":"2025-02-24T09:03:21","slug":"notre-equipe","status":"publish","type":"page","link":"https:\/\/pylaimmobilier.fr\/fr\/notre-equipe\/","title":{"rendered":"Notre \u00c9quipe"},"content":{"rendered":"","protected":false},"excerpt":{"rendered":"","protected":false},"author":1,"featured_media":0,"parent":0,"menu_order":0,"comment_status":"closed","ping_status":"closed","template":"template-modular.php","meta":{"_acf_changed":false,"footnotes":""},"class_list":["post-402","page","type-page","status-publish","hentry"],"acf":[],"yoast_head":"<!-- This site is optimized with the Yoast SEO plugin v27.5 - https:\/\/yoast.com\/product\/yoast-seo-wordpress\/ -->\n<title>Notre \u00c9quipe d\u2019Experts en Immobilier de luxe - Maxwell Baynes<\/title>\n<meta name=\"description\" content=\"Notre \u00e9quipe est compos\u00e9e de professionnels passionn\u00e9s, chacun apportant une expertise pr\u00e9cieuse dans le domaine de l\u2019immobilier de luxe.\" \/>\n<meta name=\"robots\" content=\"index, follow, max-snippet:-1, max-image-preview:large, max-video-preview:-1\" \/>\n<link rel=\"canonical\" href=\"https:\/\/pylaimmobilier.fr\/fr\/notre-equipe\/\" \/>\n<meta property=\"og:locale\" content=\"fr_FR\" \/>\n<meta property=\"og:type\" content=\"article\" \/>\n<meta property=\"og:title\" content=\"Rencontrez Notre \u00c9quipe d\u2019Experts en Immobilier Prestigieux - Pyla Immobilier\" \/>\n<meta property=\"og:description\" content=\"Notre \u00e9quipe est compos\u00e9e de professionnels passionn\u00e9s, chacun apportant une expertise pr\u00e9cieuse dans le domaine de l\u2019immobilier de luxe.\" \/>\n<meta property=\"og:url\" content=\"https:\/\/pylaimmobilier.fr\/fr\/notre-equipe\/\" \/>\n<meta property=\"og:site_name\" content=\"Pyla Immobilier\" \/>\n<meta property=\"article:modified_time\" content=\"2025-02-24T09:03:21+00:00\" \/>\n<meta name=\"twitter:card\" content=\"summary_large_image\" \/>\n<meta name=\"twitter:title\" content=\"Rencontrez Notre \u00c9quipe d\u2019Experts en Immobilier Prestigieux - Pyla Immobilier\" \/>\n<meta name=\"twitter:description\" content=\"Notre \u00e9quipe est compos\u00e9e de professionnels passionn\u00e9s, chacun apportant une expertise pr\u00e9cieuse dans le domaine de l\u2019immobilier de luxe.\" \/>\n<meta name=\"twitter:label1\" content=\"Dur\u00e9e de lecture estim\u00e9e\" \/>\n\t<meta name=\"twitter:data1\" content=\"5 minutes\" \/>\n<script type=\"application\/ld+json\" class=\"yoast-schema-graph\">{\"@context\":\"https:\\\/\\\/schema.org\",\"@graph\":[{\"@type\":\"WebPage\",\"@id\":\"https:\\\/\\\/pylaimmobilier.fr\\\/fr\\\/notre-equipe\\\/\",\"url\":\"https:\\\/\\\/pylaimmobilier.fr\\\/fr\\\/notre-equipe\\\/\",\"name\":\"Notre \u00c9quipe d\u2019Experts en Immobilier de luxe - Maxwell Baynes\",\"isPartOf\":{\"@id\":\"https:\\\/\\\/pylaimmobilier.fr\\\/fr\\\/#website\"},\"datePublished\":\"2023-11-18T09:49:07+00:00\",\"dateModified\":\"2025-02-24T09:03:21+00:00\",\"description\":\"Notre \u00e9quipe est compos\u00e9e de professionnels passionn\u00e9s, chacun apportant une expertise pr\u00e9cieuse dans le domaine de l\u2019immobilier de luxe.\",\"breadcrumb\":{\"@id\":\"https:\\\/\\\/pylaimmobilier.fr\\\/fr\\\/notre-equipe\\\/#breadcrumb\"},\"inLanguage\":\"fr-FR\",\"potentialAction\":[{\"@type\":\"ReadAction\",\"target\":[\"https:\\\/\\\/pylaimmobilier.fr\\\/fr\\\/notre-equipe\\\/\"]}]},{\"@type\":\"BreadcrumbList\",\"@id\":\"https:\\\/\\\/pylaimmobilier.fr\\\/fr\\\/notre-equipe\\\/#breadcrumb\",\"itemListElement\":[{\"@type\":\"ListItem\",\"position\":1,\"name\":\"Home\",\"item\":\"https:\\\/\\\/pylaimmobilier.fr\\\/fr\\\/\"},{\"@type\":\"ListItem\",\"position\":2,\"name\":\"Notre \u00c9quipe\"}]},{\"@type\":\"WebSite\",\"@id\":\"https:\\\/\\\/pylaimmobilier.fr\\\/fr\\\/#website\",\"url\":\"https:\\\/\\\/pylaimmobilier.fr\\\/fr\\\/\",\"name\":\"Pyla Immobilier\",\"description\":\"Holiday rentals in the Basin d&#039;Arcachon\",\"potentialAction\":[{\"@type\":\"SearchAction\",\"target\":{\"@type\":\"EntryPoint\",\"urlTemplate\":\"https:\\\/\\\/pylaimmobilier.fr\\\/fr\\\/?s={search_term_string}\"},\"query-input\":{\"@type\":\"PropertyValueSpecification\",\"valueRequired\":true,\"valueName\":\"search_term_string\"}}],\"inLanguage\":\"fr-FR\"}]}<\/script>\n<!-- \/ Yoast SEO plugin. -->","yoast_head_json":{"title":"Notre \u00c9quipe d\u2019Experts en Immobilier de luxe - Maxwell Baynes","description":"Notre \u00e9quipe est compos\u00e9e de professionnels passionn\u00e9s, chacun apportant une expertise pr\u00e9cieuse dans le domaine de l\u2019immobilier de luxe.","robots":{"index":"index","follow":"follow","max-snippet":"max-snippet:-1","max-image-preview":"max-image-preview:large","max-video-preview":"max-video-preview:-1"},"canonical":"https:\/\/pylaimmobilier.fr\/fr\/notre-equipe\/","og_locale":"fr_FR","og_type":"article","og_title":"Rencontrez Notre \u00c9quipe d\u2019Experts en Immobilier Prestigieux - Pyla Immobilier","og_description":"Notre \u00e9quipe est compos\u00e9e de professionnels passionn\u00e9s, chacun apportant une expertise pr\u00e9cieuse dans le domaine de l\u2019immobilier de luxe.","og_url":"https:\/\/pylaimmobilier.fr\/fr\/notre-equipe\/","og_site_name":"Pyla Immobilier","article_modified_time":"2025-02-24T09:03:21+00:00","twitter_card":"summary_large_image","twitter_title":"Rencontrez Notre \u00c9quipe d\u2019Experts en Immobilier Prestigieux - Pyla Immobilier","twitter_description":"Notre \u00e9quipe est compos\u00e9e de professionnels passionn\u00e9s, chacun apportant une expertise pr\u00e9cieuse dans le domaine de l\u2019immobilier de luxe.","twitter_misc":{"Dur\u00e9e de lecture estim\u00e9e":"5 minutes"},"schema":{"@context":"https:\/\/schema.org","@graph":[{"@type":"WebPage","@id":"https:\/\/pylaimmobilier.fr\/fr\/notre-equipe\/","url":"https:\/\/pylaimmobilier.fr\/fr\/notre-equipe\/","name":"Notre \u00c9quipe d\u2019Experts en Immobilier de luxe - Maxwell Baynes","isPartOf":{"@id":"https:\/\/pylaimmobilier.fr\/fr\/#website"},"datePublished":"2023-11-18T09:49:07+00:00","dateModified":"2025-02-24T09:03:21+00:00","description":"Notre \u00e9quipe est compos\u00e9e de professionnels passionn\u00e9s, chacun apportant une expertise pr\u00e9cieuse dans le domaine de l\u2019immobilier de luxe.","breadcrumb":{"@id":"https:\/\/pylaimmobilier.fr\/fr\/notre-equipe\/#breadcrumb"},"inLanguage":"fr-FR","potentialAction":[{"@type":"ReadAction","target":["https:\/\/pylaimmobilier.fr\/fr\/notre-equipe\/"]}]},{"@type":"BreadcrumbList","@id":"https:\/\/pylaimmobilier.fr\/fr\/notre-equipe\/#breadcrumb","itemListElement":[{"@type":"ListItem","position":1,"name":"Home","item":"https:\/\/pylaimmobilier.fr\/fr\/"},{"@type":"ListItem","position":2,"name":"Notre \u00c9quipe"}]},{"@type":"WebSite","@id":"https:\/\/pylaimmobilier.fr\/fr\/#website","url":"https:\/\/pylaimmobilier.fr\/fr\/","name":"Pyla Immobilier","description":"Holiday rentals in the Basin d&#039;Arcachon","potentialAction":[{"@type":"SearchAction","target":{"@type":"EntryPoint","urlTemplate":"https:\/\/pylaimmobilier.fr\/fr\/?s={search_term_string}"},"query-input":{"@type":"PropertyValueSpecification","valueRequired":true,"valueName":"search_term_string"}}],"inLanguage":"fr-FR"}]}},"_links":{"self":[{"href":"https:\/\/pylaimmobilier.fr\/fr\/wp-json\/wp\/v2\/pages\/402","targetHints":{"allow":["GET"]}}],"collection":[{"href":"https:\/\/pylaimmobilier.fr\/fr\/wp-json\/wp\/v2\/pages"}],"about":[{"href":"https:\/\/pylaimmobilier.fr\/fr\/wp-json\/wp\/v2\/types\/page"}],"author":[{"embeddable":true,"href":"https:\/\/pylaimmobilier.fr\/fr\/wp-json\/wp\/v2\/users\/1"}],"replies":[{"embeddable":true,"href":"https:\/\/pylaimmobilier.fr\/fr\/wp-json\/wp\/v2\/comments?post=402"}],"version-history":[{"count":1,"href":"https:\/\/pylaimmobilier.fr\/fr\/wp-json\/wp\/v2\/pages\/402\/revisions"}],"predecessor-version":[{"id":403,"href":"https:\/\/pylaimmobilier.fr\/fr\/wp-json\/wp\/v2\/pages\/402\/revisions\/403"}],"wp:attachment":[{"href":"https:\/\/pylaimmobilier.fr\/fr\/wp-json\/wp\/v2\/media?parent=402"}],"curies":[{"name":"wp","href":"https:\/\/api.w.org\/{rel}","templated":true}]}}